{"id":941,"date":"2019-03-18T21:00:24","date_gmt":"2019-03-18T18:00:24","guid":{"rendered":"http:\/\/petitsoleil.ist\/?page_id=941"},"modified":"2023-01-24T12:27:23","modified_gmt":"2023-01-24T09:27:23","slug":"anasayfa-fr-2","status":"publish","type":"page","link":"https:\/\/petitsoleil.ist\/fr\/","title":{"rendered":"Anasayfa-fr"},"content":{"rendered":"","protected":false},"excerpt":{"rendered":"","protected":false},"author":1,"featured_media":0,"parent":0,"menu_order":0,"comment_status":"closed","ping_status":"closed","template":"","meta":{"footnotes":""},"class_list":["post-941","page","type-page","status-publish","hentry"],"yoast_head":"<!-- This site is optimized with the Yoast SEO plugin v25.1 - https:\/\/yoast.com\/wordpress\/plugins\/seo\/ -->\n<title>Anasayfa-fr - K\u00fc\u00e7\u00fck G\u00fcne\u015f ( Petit Soleil ) Frans\u0131z Anaokulu<\/title>\n<meta name=\"description\" content=\"K\u00fc\u00e7\u00fck G\u00fcne\u015f Anaokulu 2018 y\u0131l\u0131nda Boyac\u0131k\u00f6y&#039;de kurulmu\u015ftur. K\u00fc\u00e7\u00fck G\u00fcne\u015f Anaokulu anadili t\u00fcrk\u00e7e ve frans\u0131zca olan ve ayn\u0131 zamanda anadili t\u00fcrk\u00e7e olan \u00e7ocuklarla paralel \u015fekilde frans\u0131zca dilini de \u00e7ocuklara kazand\u0131rmaya \u00e7al\u0131\u015fan bir okul olarak faaliyet g\u00f6stermek amac\u0131yla a\u00e7\u0131lm\u0131\u015ft\u0131r. K\u00fc\u00e7\u00fck G\u00fcne\u015f ( Petit Soleil ) Frans\u0131z Anaokulu\" \/>\n<meta name=\"robots\" content=\"index, follow, max-snippet:-1, max-image-preview:large, max-video-preview:-1\" \/>\n<link rel=\"canonical\" href=\"https:\/\/petitsoleil.ist\/fr\/\" \/>\n<meta property=\"og:locale\" content=\"fr_FR\" \/>\n<meta property=\"og:type\" content=\"article\" \/>\n<meta property=\"og:title\" content=\"Anasayfa-fr - K\u00fc\u00e7\u00fck G\u00fcne\u015f ( Petit Soleil ) Frans\u0131z Anaokulu\" \/>\n<meta property=\"og:description\" content=\"K\u00fc\u00e7\u00fck G\u00fcne\u015f Anaokulu 2018 y\u0131l\u0131nda Boyac\u0131k\u00f6y&#039;de kurulmu\u015ftur. K\u00fc\u00e7\u00fck G\u00fcne\u015f Anaokulu anadili t\u00fcrk\u00e7e ve frans\u0131zca olan ve ayn\u0131 zamanda anadili t\u00fcrk\u00e7e olan \u00e7ocuklarla paralel \u015fekilde frans\u0131zca dilini de \u00e7ocuklara kazand\u0131rmaya \u00e7al\u0131\u015fan bir okul olarak faaliyet g\u00f6stermek amac\u0131yla a\u00e7\u0131lm\u0131\u015ft\u0131r. K\u00fc\u00e7\u00fck G\u00fcne\u015f ( Petit Soleil ) Frans\u0131z Anaokulu\" \/>\n<meta property=\"og:url\" content=\"https:\/\/petitsoleil.ist\/fr\/\" \/>\n<meta property=\"og:site_name\" content=\"K\u00fc\u00e7\u00fck G\u00fcne\u015f ( Petit Soleil ) Frans\u0131z Anaokulu\" \/>\n<meta property=\"article:modified_time\" content=\"2023-01-24T09:27:23+00:00\" \/>\n<meta name=\"twitter:card\" content=\"summary_large_image\" \/>\n<script type=\"application\/ld+json\" class=\"yoast-schema-graph\">{\"@context\":\"https:\/\/schema.org\",\"@graph\":[{\"@type\":\"WebPage\",\"@id\":\"https:\/\/petitsoleil.ist\/fr\/\",\"url\":\"https:\/\/petitsoleil.ist\/fr\/\",\"name\":\"Anasayfa-fr - K\u00fc\u00e7\u00fck G\u00fcne\u015f ( Petit Soleil ) Frans\u0131z Anaokulu\",\"isPartOf\":{\"@id\":\"https:\/\/petitsoleil.ist\/#website\"},\"datePublished\":\"2019-03-18T18:00:24+00:00\",\"dateModified\":\"2023-01-24T09:27:23+00:00\",\"description\":\"K\u00fc\u00e7\u00fck G\u00fcne\u015f Anaokulu 2018 y\u0131l\u0131nda Boyac\u0131k\u00f6y'de kurulmu\u015ftur. K\u00fc\u00e7\u00fck G\u00fcne\u015f Anaokulu anadili t\u00fcrk\u00e7e ve frans\u0131zca olan ve ayn\u0131 zamanda anadili t\u00fcrk\u00e7e olan \u00e7ocuklarla paralel \u015fekilde frans\u0131zca dilini de \u00e7ocuklara kazand\u0131rmaya \u00e7al\u0131\u015fan bir okul olarak faaliyet g\u00f6stermek amac\u0131yla a\u00e7\u0131lm\u0131\u015ft\u0131r. K\u00fc\u00e7\u00fck G\u00fcne\u015f ( Petit Soleil ) Frans\u0131z Anaokulu\",\"breadcrumb\":{\"@id\":\"https:\/\/petitsoleil.ist\/fr\/#breadcrumb\"},\"inLanguage\":\"fr-FR\",\"potentialAction\":[{\"@type\":\"ReadAction\",\"target\":[\"https:\/\/petitsoleil.ist\/fr\/\"]}]},{\"@type\":\"BreadcrumbList\",\"@id\":\"https:\/\/petitsoleil.ist\/fr\/#breadcrumb\",\"itemListElement\":[{\"@type\":\"ListItem\",\"position\":1,\"name\":\"Ana sayfa\",\"item\":\"https:\/\/petitsoleil.ist\/fr\/\"},{\"@type\":\"ListItem\",\"position\":2,\"name\":\"Anasayfa-fr\"}]},{\"@type\":\"WebSite\",\"@id\":\"https:\/\/petitsoleil.ist\/#website\",\"url\":\"https:\/\/petitsoleil.ist\/\",\"name\":\"K\u00fc\u00e7\u00fck G\u00fcne\u015f ( Petit Soleil ) Frans\u0131z Anaokulu\",\"description\":\"Emirgan Frans\u0131zca Anaokulu\",\"potentialAction\":[{\"@type\":\"SearchAction\",\"target\":{\"@type\":\"EntryPoint\",\"urlTemplate\":\"https:\/\/petitsoleil.ist\/?s={search_term_string}\"},\"query-input\":{\"@type\":\"PropertyValueSpecification\",\"valueRequired\":true,\"valueName\":\"search_term_string\"}}],\"inLanguage\":\"fr-FR\"}]}<\/script>\n<!-- \/ Yoast SEO plugin. -->","yoast_head_json":{"title":"Anasayfa-fr - K\u00fc\u00e7\u00fck G\u00fcne\u015f ( Petit Soleil ) Frans\u0131z Anaokulu","description":"K\u00fc\u00e7\u00fck G\u00fcne\u015f Anaokulu 2018 y\u0131l\u0131nda Boyac\u0131k\u00f6y'de kurulmu\u015ftur. K\u00fc\u00e7\u00fck G\u00fcne\u015f Anaokulu anadili t\u00fcrk\u00e7e ve frans\u0131zca olan ve ayn\u0131 zamanda anadili t\u00fcrk\u00e7e olan \u00e7ocuklarla paralel \u015fekilde frans\u0131zca dilini de \u00e7ocuklara kazand\u0131rmaya \u00e7al\u0131\u015fan bir okul olarak faaliyet g\u00f6stermek amac\u0131yla a\u00e7\u0131lm\u0131\u015ft\u0131r. K\u00fc\u00e7\u00fck G\u00fcne\u015f ( Petit Soleil ) Frans\u0131z Anaokulu","robots":{"index":"index","follow":"follow","max-snippet":"max-snippet:-1","max-image-preview":"max-image-preview:large","max-video-preview":"max-video-preview:-1"},"canonical":"https:\/\/petitsoleil.ist\/fr\/","og_locale":"fr_FR","og_type":"article","og_title":"Anasayfa-fr - K\u00fc\u00e7\u00fck G\u00fcne\u015f ( Petit Soleil ) Frans\u0131z Anaokulu","og_description":"K\u00fc\u00e7\u00fck G\u00fcne\u015f Anaokulu 2018 y\u0131l\u0131nda Boyac\u0131k\u00f6y'de kurulmu\u015ftur. K\u00fc\u00e7\u00fck G\u00fcne\u015f Anaokulu anadili t\u00fcrk\u00e7e ve frans\u0131zca olan ve ayn\u0131 zamanda anadili t\u00fcrk\u00e7e olan \u00e7ocuklarla paralel \u015fekilde frans\u0131zca dilini de \u00e7ocuklara kazand\u0131rmaya \u00e7al\u0131\u015fan bir okul olarak faaliyet g\u00f6stermek amac\u0131yla a\u00e7\u0131lm\u0131\u015ft\u0131r. K\u00fc\u00e7\u00fck G\u00fcne\u015f ( Petit Soleil ) Frans\u0131z Anaokulu","og_url":"https:\/\/petitsoleil.ist\/fr\/","og_site_name":"K\u00fc\u00e7\u00fck G\u00fcne\u015f ( Petit Soleil ) Frans\u0131z Anaokulu","article_modified_time":"2023-01-24T09:27:23+00:00","twitter_card":"summary_large_image","schema":{"@context":"https:\/\/schema.org","@graph":[{"@type":"WebPage","@id":"https:\/\/petitsoleil.ist\/fr\/","url":"https:\/\/petitsoleil.ist\/fr\/","name":"Anasayfa-fr - K\u00fc\u00e7\u00fck G\u00fcne\u015f ( Petit Soleil ) Frans\u0131z Anaokulu","isPartOf":{"@id":"https:\/\/petitsoleil.ist\/#website"},"datePublished":"2019-03-18T18:00:24+00:00","dateModified":"2023-01-24T09:27:23+00:00","description":"K\u00fc\u00e7\u00fck G\u00fcne\u015f Anaokulu 2018 y\u0131l\u0131nda Boyac\u0131k\u00f6y'de kurulmu\u015ftur. K\u00fc\u00e7\u00fck G\u00fcne\u015f Anaokulu anadili t\u00fcrk\u00e7e ve frans\u0131zca olan ve ayn\u0131 zamanda anadili t\u00fcrk\u00e7e olan \u00e7ocuklarla paralel \u015fekilde frans\u0131zca dilini de \u00e7ocuklara kazand\u0131rmaya \u00e7al\u0131\u015fan bir okul olarak faaliyet g\u00f6stermek amac\u0131yla a\u00e7\u0131lm\u0131\u015ft\u0131r. K\u00fc\u00e7\u00fck G\u00fcne\u015f ( Petit Soleil ) Frans\u0131z Anaokulu","breadcrumb":{"@id":"https:\/\/petitsoleil.ist\/fr\/#breadcrumb"},"inLanguage":"fr-FR","potentialAction":[{"@type":"ReadAction","target":["https:\/\/petitsoleil.ist\/fr\/"]}]},{"@type":"BreadcrumbList","@id":"https:\/\/petitsoleil.ist\/fr\/#breadcrumb","itemListElement":[{"@type":"ListItem","position":1,"name":"Ana sayfa","item":"https:\/\/petitsoleil.ist\/fr\/"},{"@type":"ListItem","position":2,"name":"Anasayfa-fr"}]},{"@type":"WebSite","@id":"https:\/\/petitsoleil.ist\/#website","url":"https:\/\/petitsoleil.ist\/","name":"K\u00fc\u00e7\u00fck G\u00fcne\u015f ( Petit Soleil ) Frans\u0131z Anaokulu","description":"Emirgan Frans\u0131zca Anaokulu","potentialAction":[{"@type":"SearchAction","target":{"@type":"EntryPoint","urlTemplate":"https:\/\/petitsoleil.ist\/?s={search_term_string}"},"query-input":{"@type":"PropertyValueSpecification","valueRequired":true,"valueName":"search_term_string"}}],"inLanguage":"fr-FR"}]}},"_links":{"self":[{"href":"https:\/\/petitsoleil.ist\/fr\/wp-json\/wp\/v2\/pages\/941","targetHints":{"allow":["GET"]}}],"collection":[{"href":"https:\/\/petitsoleil.ist\/fr\/wp-json\/wp\/v2\/pages"}],"about":[{"href":"https:\/\/petitsoleil.ist\/fr\/wp-json\/wp\/v2\/types\/page"}],"author":[{"embeddable":true,"href":"https:\/\/petitsoleil.ist\/fr\/wp-json\/wp\/v2\/users\/1"}],"replies":[{"embeddable":true,"href":"https:\/\/petitsoleil.ist\/fr\/wp-json\/wp\/v2\/comments?post=941"}],"version-history":[{"count":1,"href":"https:\/\/petitsoleil.ist\/fr\/wp-json\/wp\/v2\/pages\/941\/revisions"}],"predecessor-version":[{"id":942,"href":"https:\/\/petitsoleil.ist\/fr\/wp-json\/wp\/v2\/pages\/941\/revisions\/942"}],"wp:attachment":[{"href":"https:\/\/petitsoleil.ist\/fr\/wp-json\/wp\/v2\/media?parent=941"}],"curies":[{"name":"wp","href":"https:\/\/api.w.org\/{rel}","templated":true}]}}