{"id":1339,"date":"2022-01-11T01:51:57","date_gmt":"2022-01-10T22:51:57","guid":{"rendered":"http:\/\/petitsoleil.ist\/?page_id=1339"},"modified":"2022-01-11T01:53:56","modified_gmt":"2022-01-10T22:53:56","slug":"yil-sonu-gosterileri","status":"publish","type":"page","link":"https:\/\/petitsoleil.ist\/fr\/yil-sonu-gosterileri\/","title":{"rendered":"2021&rsquo;den Kareler"},"content":{"rendered":"\n<figure class=\"wp-block-gallery columns-3 is-cropped wp-block-gallery-1 is-layout-flex wp-block-gallery-is-layout-flex\"><ul class=\"blocks-gallery-grid\"><li class=\"blocks-gallery-item\"><figure><img loading=\"lazy\" decoding=\"async\" width=\"1024\" height=\"768\" src=\"https:\/\/petitsoleil.ist\/wp-content\/uploads\/2022\/01\/WhatsApp-Image-2022-01-05-at-13.09.53-1024x768.jpeg\" alt=\"\" data-id=\"1341\" data-full-url=\"https:\/\/petitsoleil.ist\/wp-content\/uploads\/2022\/01\/WhatsApp-Image-2022-01-05-at-13.09.53.jpeg\" data-link=\"https:\/\/petitsoleil.ist\/fr\/?attachment_id=1341\" class=\"wp-image-1341\" srcset=\"https:\/\/petitsoleil.ist\/wp-content\/uploads\/2022\/01\/WhatsApp-Image-2022-01-05-at-13.09.53-1024x768.jpeg 1024w, https:\/\/petitsoleil.ist\/wp-content\/uploads\/2022\/01\/WhatsApp-Image-2022-01-05-at-13.09.53-300x225.jpeg 300w, https:\/\/petitsoleil.ist\/wp-content\/uploads\/2022\/01\/WhatsApp-Image-2022-01-05-at-13.09.53-768x576.jpeg 768w, https:\/\/petitsoleil.ist\/wp-content\/uploads\/2022\/01\/WhatsApp-Image-2022-01-05-at-13.09.53-1536x1152.jpeg 1536w, https:\/\/petitsoleil.ist\/wp-content\/uploads\/2022\/01\/WhatsApp-Image-2022-01-05-at-13.09.53-195x146.jpeg 195w, https:\/\/petitsoleil.ist\/wp-content\/uploads\/2022\/01\/WhatsApp-Image-2022-01-05-at-13.09.53-50x38.jpeg 50w, https:\/\/petitsoleil.ist\/wp-content\/uploads\/2022\/01\/WhatsApp-Image-2022-01-05-at-13.09.53-100x75.jpeg 100w, https:\/\/petitsoleil.ist\/wp-content\/uploads\/2022\/01\/WhatsApp-Image-2022-01-05-at-13.09.53-960x720.jpeg 960w, https:\/\/petitsoleil.ist\/wp-content\/uploads\/2022\/01\/WhatsApp-Image-2022-01-05-at-13.09.53.jpeg 2048w\" sizes=\"auto, (max-width:767px) 480px, (max-width:1024px) 100vw, 1024px\" \/><\/figure><\/li><li class=\"blocks-gallery-item\"><figure><img loading=\"lazy\" decoding=\"async\" width=\"1024\" height=\"768\" src=\"https:\/\/petitsoleil.ist\/wp-content\/uploads\/2022\/01\/WhatsApp-Image-2022-01-05-at-13.10.14-1-1024x768.jpeg\" alt=\"\" data-id=\"1343\" data-full-url=\"https:\/\/petitsoleil.ist\/wp-content\/uploads\/2022\/01\/WhatsApp-Image-2022-01-05-at-13.10.14-1.jpeg\" data-link=\"https:\/\/petitsoleil.ist\/fr\/?attachment_id=1343\" class=\"wp-image-1343\" srcset=\"https:\/\/petitsoleil.ist\/wp-content\/uploads\/2022\/01\/WhatsApp-Image-2022-01-05-at-13.10.14-1-1024x768.jpeg 1024w, https:\/\/petitsoleil.ist\/wp-content\/uploads\/2022\/01\/WhatsApp-Image-2022-01-05-at-13.10.14-1-300x225.jpeg 300w, https:\/\/petitsoleil.ist\/wp-content\/uploads\/2022\/01\/WhatsApp-Image-2022-01-05-at-13.10.14-1-768x576.jpeg 768w, https:\/\/petitsoleil.ist\/wp-content\/uploads\/2022\/01\/WhatsApp-Image-2022-01-05-at-13.10.14-1-1536x1152.jpeg 1536w, https:\/\/petitsoleil.ist\/wp-content\/uploads\/2022\/01\/WhatsApp-Image-2022-01-05-at-13.10.14-1-195x146.jpeg 195w, https:\/\/petitsoleil.ist\/wp-content\/uploads\/2022\/01\/WhatsApp-Image-2022-01-05-at-13.10.14-1-50x38.jpeg 50w, https:\/\/petitsoleil.ist\/wp-content\/uploads\/2022\/01\/WhatsApp-Image-2022-01-05-at-13.10.14-1-100x75.jpeg 100w, https:\/\/petitsoleil.ist\/wp-content\/uploads\/2022\/01\/WhatsApp-Image-2022-01-05-at-13.10.14-1-960x720.jpeg 960w, https:\/\/petitsoleil.ist\/wp-content\/uploads\/2022\/01\/WhatsApp-Image-2022-01-05-at-13.10.14-1.jpeg 1600w\" sizes=\"auto, (max-width:767px) 480px, (max-width:1024px) 100vw, 1024px\" \/><\/figure><\/li><li class=\"blocks-gallery-item\"><figure><img loading=\"lazy\" decoding=\"async\" width=\"768\" height=\"1024\" src=\"https:\/\/petitsoleil.ist\/wp-content\/uploads\/2022\/01\/WhatsApp-Image-2022-01-05-at-13.10.14-768x1024.jpeg\" alt=\"\" data-id=\"1345\" data-full-url=\"https:\/\/petitsoleil.ist\/wp-content\/uploads\/2022\/01\/WhatsApp-Image-2022-01-05-at-13.10.14.jpeg\" data-link=\"https:\/\/petitsoleil.ist\/fr\/?attachment_id=1345\" class=\"wp-image-1345\" srcset=\"https:\/\/petitsoleil.ist\/wp-content\/uploads\/2022\/01\/WhatsApp-Image-2022-01-05-at-13.10.14-768x1024.jpeg 768w, https:\/\/petitsoleil.ist\/wp-content\/uploads\/2022\/01\/WhatsApp-Image-2022-01-05-at-13.10.14-225x300.jpeg 225w, https:\/\/petitsoleil.ist\/wp-content\/uploads\/2022\/01\/WhatsApp-Image-2022-01-05-at-13.10.14-1152x1536.jpeg 1152w, https:\/\/petitsoleil.ist\/wp-content\/uploads\/2022\/01\/WhatsApp-Image-2022-01-05-at-13.10.14-110x146.jpeg 110w, https:\/\/petitsoleil.ist\/wp-content\/uploads\/2022\/01\/WhatsApp-Image-2022-01-05-at-13.10.14-38x50.jpeg 38w, https:\/\/petitsoleil.ist\/wp-content\/uploads\/2022\/01\/WhatsApp-Image-2022-01-05-at-13.10.14-56x75.jpeg 56w, https:\/\/petitsoleil.ist\/wp-content\/uploads\/2022\/01\/WhatsApp-Image-2022-01-05-at-13.10.14.jpeg 1200w\" sizes=\"auto, (max-width:767px) 480px, (max-width:768px) 100vw, 768px\" \/><\/figure><\/li><li class=\"blocks-gallery-item\"><figure><img loading=\"lazy\" decoding=\"async\" width=\"1024\" height=\"768\" src=\"https:\/\/petitsoleil.ist\/wp-content\/uploads\/2022\/01\/WhatsApp-Image-2022-01-05-at-13.10.44-1024x768.jpeg\" alt=\"\" data-id=\"1347\" data-full-url=\"https:\/\/petitsoleil.ist\/wp-content\/uploads\/2022\/01\/WhatsApp-Image-2022-01-05-at-13.10.44.jpeg\" data-link=\"https:\/\/petitsoleil.ist\/fr\/?attachment_id=1347\" class=\"wp-image-1347\" srcset=\"https:\/\/petitsoleil.ist\/wp-content\/uploads\/2022\/01\/WhatsApp-Image-2022-01-05-at-13.10.44-1024x768.jpeg 1024w, https:\/\/petitsoleil.ist\/wp-content\/uploads\/2022\/01\/WhatsApp-Image-2022-01-05-at-13.10.44-300x225.jpeg 300w, https:\/\/petitsoleil.ist\/wp-content\/uploads\/2022\/01\/WhatsApp-Image-2022-01-05-at-13.10.44-768x576.jpeg 768w, https:\/\/petitsoleil.ist\/wp-content\/uploads\/2022\/01\/WhatsApp-Image-2022-01-05-at-13.10.44-1536x1152.jpeg 1536w, https:\/\/petitsoleil.ist\/wp-content\/uploads\/2022\/01\/WhatsApp-Image-2022-01-05-at-13.10.44-195x146.jpeg 195w, https:\/\/petitsoleil.ist\/wp-content\/uploads\/2022\/01\/WhatsApp-Image-2022-01-05-at-13.10.44-50x38.jpeg 50w, https:\/\/petitsoleil.ist\/wp-content\/uploads\/2022\/01\/WhatsApp-Image-2022-01-05-at-13.10.44-100x75.jpeg 100w, https:\/\/petitsoleil.ist\/wp-content\/uploads\/2022\/01\/WhatsApp-Image-2022-01-05-at-13.10.44-960x720.jpeg 960w, https:\/\/petitsoleil.ist\/wp-content\/uploads\/2022\/01\/WhatsApp-Image-2022-01-05-at-13.10.44.jpeg 1600w\" sizes=\"auto, (max-width:767px) 480px, (max-width:1024px) 100vw, 1024px\" \/><\/figure><\/li><li class=\"blocks-gallery-item\"><figure><img loading=\"lazy\" decoding=\"async\" width=\"1024\" height=\"768\" src=\"https:\/\/petitsoleil.ist\/wp-content\/uploads\/2022\/01\/WhatsApp-Image-2022-01-05-at-13.10.54-1-1024x768.jpeg\" alt=\"\" data-id=\"1349\" data-full-url=\"https:\/\/petitsoleil.ist\/wp-content\/uploads\/2022\/01\/WhatsApp-Image-2022-01-05-at-13.10.54-1.jpeg\" data-link=\"https:\/\/petitsoleil.ist\/fr\/?attachment_id=1349\" class=\"wp-image-1349\" srcset=\"https:\/\/petitsoleil.ist\/wp-content\/uploads\/2022\/01\/WhatsApp-Image-2022-01-05-at-13.10.54-1-1024x768.jpeg 1024w, https:\/\/petitsoleil.ist\/wp-content\/uploads\/2022\/01\/WhatsApp-Image-2022-01-05-at-13.10.54-1-300x225.jpeg 300w, https:\/\/petitsoleil.ist\/wp-content\/uploads\/2022\/01\/WhatsApp-Image-2022-01-05-at-13.10.54-1-768x576.jpeg 768w, https:\/\/petitsoleil.ist\/wp-content\/uploads\/2022\/01\/WhatsApp-Image-2022-01-05-at-13.10.54-1-1536x1152.jpeg 1536w, https:\/\/petitsoleil.ist\/wp-content\/uploads\/2022\/01\/WhatsApp-Image-2022-01-05-at-13.10.54-1-195x146.jpeg 195w, https:\/\/petitsoleil.ist\/wp-content\/uploads\/2022\/01\/WhatsApp-Image-2022-01-05-at-13.10.54-1-50x38.jpeg 50w, https:\/\/petitsoleil.ist\/wp-content\/uploads\/2022\/01\/WhatsApp-Image-2022-01-05-at-13.10.54-1-100x75.jpeg 100w, https:\/\/petitsoleil.ist\/wp-content\/uploads\/2022\/01\/WhatsApp-Image-2022-01-05-at-13.10.54-1-960x720.jpeg 960w, https:\/\/petitsoleil.ist\/wp-content\/uploads\/2022\/01\/WhatsApp-Image-2022-01-05-at-13.10.54-1.jpeg 2048w\" sizes=\"auto, (max-width:767px) 480px, (max-width:1024px) 100vw, 1024px\" \/><\/figure><\/li><li class=\"blocks-gallery-item\"><figure><img loading=\"lazy\" decoding=\"async\" width=\"1024\" height=\"768\" src=\"https:\/\/petitsoleil.ist\/wp-content\/uploads\/2022\/01\/WhatsApp-Image-2022-01-05-at-13.10.54-1024x768.jpeg\" alt=\"\" data-id=\"1351\" data-full-url=\"https:\/\/petitsoleil.ist\/wp-content\/uploads\/2022\/01\/WhatsApp-Image-2022-01-05-at-13.10.54.jpeg\" data-link=\"https:\/\/petitsoleil.ist\/fr\/?attachment_id=1351\" class=\"wp-image-1351\" srcset=\"https:\/\/petitsoleil.ist\/wp-content\/uploads\/2022\/01\/WhatsApp-Image-2022-01-05-at-13.10.54-1024x768.jpeg 1024w, https:\/\/petitsoleil.ist\/wp-content\/uploads\/2022\/01\/WhatsApp-Image-2022-01-05-at-13.10.54-300x225.jpeg 300w, https:\/\/petitsoleil.ist\/wp-content\/uploads\/2022\/01\/WhatsApp-Image-2022-01-05-at-13.10.54-768x576.jpeg 768w, https:\/\/petitsoleil.ist\/wp-content\/uploads\/2022\/01\/WhatsApp-Image-2022-01-05-at-13.10.54-1536x1152.jpeg 1536w, https:\/\/petitsoleil.ist\/wp-content\/uploads\/2022\/01\/WhatsApp-Image-2022-01-05-at-13.10.54-195x146.jpeg 195w, https:\/\/petitsoleil.ist\/wp-content\/uploads\/2022\/01\/WhatsApp-Image-2022-01-05-at-13.10.54-50x38.jpeg 50w, https:\/\/petitsoleil.ist\/wp-content\/uploads\/2022\/01\/WhatsApp-Image-2022-01-05-at-13.10.54-100x75.jpeg 100w, https:\/\/petitsoleil.ist\/wp-content\/uploads\/2022\/01\/WhatsApp-Image-2022-01-05-at-13.10.54-960x720.jpeg 960w, https:\/\/petitsoleil.ist\/wp-content\/uploads\/2022\/01\/WhatsApp-Image-2022-01-05-at-13.10.54.jpeg 2048w\" sizes=\"auto, (max-width:767px) 480px, (max-width:1024px) 100vw, 1024px\" \/><\/figure><\/li><li class=\"blocks-gallery-item\"><figure><img loading=\"lazy\" decoding=\"async\" width=\"768\" height=\"1024\" src=\"https:\/\/petitsoleil.ist\/wp-content\/uploads\/2022\/01\/WhatsApp-Image-2022-01-05-at-13.11.11-768x1024.jpeg\" alt=\"\" data-id=\"1353\" data-full-url=\"https:\/\/petitsoleil.ist\/wp-content\/uploads\/2022\/01\/WhatsApp-Image-2022-01-05-at-13.11.11.jpeg\" data-link=\"https:\/\/petitsoleil.ist\/fr\/?attachment_id=1353\" class=\"wp-image-1353\" srcset=\"https:\/\/petitsoleil.ist\/wp-content\/uploads\/2022\/01\/WhatsApp-Image-2022-01-05-at-13.11.11-768x1024.jpeg 768w, https:\/\/petitsoleil.ist\/wp-content\/uploads\/2022\/01\/WhatsApp-Image-2022-01-05-at-13.11.11-225x300.jpeg 225w, https:\/\/petitsoleil.ist\/wp-content\/uploads\/2022\/01\/WhatsApp-Image-2022-01-05-at-13.11.11-1152x1536.jpeg 1152w, https:\/\/petitsoleil.ist\/wp-content\/uploads\/2022\/01\/WhatsApp-Image-2022-01-05-at-13.11.11-110x146.jpeg 110w, https:\/\/petitsoleil.ist\/wp-content\/uploads\/2022\/01\/WhatsApp-Image-2022-01-05-at-13.11.11-38x50.jpeg 38w, https:\/\/petitsoleil.ist\/wp-content\/uploads\/2022\/01\/WhatsApp-Image-2022-01-05-at-13.11.11-56x75.jpeg 56w, https:\/\/petitsoleil.ist\/wp-content\/uploads\/2022\/01\/WhatsApp-Image-2022-01-05-at-13.11.11.jpeg 1200w\" sizes=\"auto, (max-width:767px) 480px, (max-width:768px) 100vw, 768px\" \/><\/figure><\/li><li class=\"blocks-gallery-item\"><figure><img loading=\"lazy\" decoding=\"async\" width=\"576\" height=\"1024\" src=\"https:\/\/petitsoleil.ist\/wp-content\/uploads\/2022\/01\/WhatsApp-Image-2022-01-05-at-13.12.26-576x1024.jpeg\" alt=\"\" data-id=\"1355\" data-full-url=\"https:\/\/petitsoleil.ist\/wp-content\/uploads\/2022\/01\/WhatsApp-Image-2022-01-05-at-13.12.26.jpeg\" data-link=\"https:\/\/petitsoleil.ist\/fr\/?attachment_id=1355\" class=\"wp-image-1355\" srcset=\"https:\/\/petitsoleil.ist\/wp-content\/uploads\/2022\/01\/WhatsApp-Image-2022-01-05-at-13.12.26-576x1024.jpeg 576w, https:\/\/petitsoleil.ist\/wp-content\/uploads\/2022\/01\/WhatsApp-Image-2022-01-05-at-13.12.26-169x300.jpeg 169w, https:\/\/petitsoleil.ist\/wp-content\/uploads\/2022\/01\/WhatsApp-Image-2022-01-05-at-13.12.26-768x1366.jpeg 768w, https:\/\/petitsoleil.ist\/wp-content\/uploads\/2022\/01\/WhatsApp-Image-2022-01-05-at-13.12.26-864x1536.jpeg 864w, https:\/\/petitsoleil.ist\/wp-content\/uploads\/2022\/01\/WhatsApp-Image-2022-01-05-at-13.12.26-82x146.jpeg 82w, https:\/\/petitsoleil.ist\/wp-content\/uploads\/2022\/01\/WhatsApp-Image-2022-01-05-at-13.12.26-28x50.jpeg 28w, https:\/\/petitsoleil.ist\/wp-content\/uploads\/2022\/01\/WhatsApp-Image-2022-01-05-at-13.12.26-42x75.jpeg 42w, https:\/\/petitsoleil.ist\/wp-content\/uploads\/2022\/01\/WhatsApp-Image-2022-01-05-at-13.12.26.jpeg 899w\" sizes=\"auto, (max-width:767px) 480px, 576px\" \/><\/figure><\/li><li class=\"blocks-gallery-item\"><figure><img loading=\"lazy\" decoding=\"async\" width=\"1024\" height=\"768\" src=\"https:\/\/petitsoleil.ist\/wp-content\/uploads\/2022\/01\/WhatsApp-Image-2022-01-05-at-13.12.59.jpeg\" alt=\"\" data-id=\"1357\" data-full-url=\"https:\/\/petitsoleil.ist\/wp-content\/uploads\/2022\/01\/WhatsApp-Image-2022-01-05-at-13.12.59.jpeg\" data-link=\"https:\/\/petitsoleil.ist\/fr\/?attachment_id=1357\" class=\"wp-image-1357\" srcset=\"https:\/\/petitsoleil.ist\/wp-content\/uploads\/2022\/01\/WhatsApp-Image-2022-01-05-at-13.12.59.jpeg 1024w, https:\/\/petitsoleil.ist\/wp-content\/uploads\/2022\/01\/WhatsApp-Image-2022-01-05-at-13.12.59-300x225.jpeg 300w, https:\/\/petitsoleil.ist\/wp-content\/uploads\/2022\/01\/WhatsApp-Image-2022-01-05-at-13.12.59-768x576.jpeg 768w, https:\/\/petitsoleil.ist\/wp-content\/uploads\/2022\/01\/WhatsApp-Image-2022-01-05-at-13.12.59-195x146.jpeg 195w, https:\/\/petitsoleil.ist\/wp-content\/uploads\/2022\/01\/WhatsApp-Image-2022-01-05-at-13.12.59-50x38.jpeg 50w, https:\/\/petitsoleil.ist\/wp-content\/uploads\/2022\/01\/WhatsApp-Image-2022-01-05-at-13.12.59-100x75.jpeg 100w, https:\/\/petitsoleil.ist\/wp-content\/uploads\/2022\/01\/WhatsApp-Image-2022-01-05-at-13.12.59-960x720.jpeg 960w\" sizes=\"auto, (max-width:767px) 480px, (max-width:1024px) 100vw, 1024px\" \/><\/figure><\/li><li class=\"blocks-gallery-item\"><figure><img loading=\"lazy\" decoding=\"async\" width=\"1024\" height=\"768\" src=\"https:\/\/petitsoleil.ist\/wp-content\/uploads\/2022\/01\/WhatsApp-Image-2022-01-05-at-13.13.44.jpeg\" alt=\"\" data-id=\"1359\" data-full-url=\"https:\/\/petitsoleil.ist\/wp-content\/uploads\/2022\/01\/WhatsApp-Image-2022-01-05-at-13.13.44.jpeg\" data-link=\"https:\/\/petitsoleil.ist\/fr\/?attachment_id=1359\" class=\"wp-image-1359\" srcset=\"https:\/\/petitsoleil.ist\/wp-content\/uploads\/2022\/01\/WhatsApp-Image-2022-01-05-at-13.13.44.jpeg 1024w, https:\/\/petitsoleil.ist\/wp-content\/uploads\/2022\/01\/WhatsApp-Image-2022-01-05-at-13.13.44-300x225.jpeg 300w, https:\/\/petitsoleil.ist\/wp-content\/uploads\/2022\/01\/WhatsApp-Image-2022-01-05-at-13.13.44-768x576.jpeg 768w, https:\/\/petitsoleil.ist\/wp-content\/uploads\/2022\/01\/WhatsApp-Image-2022-01-05-at-13.13.44-195x146.jpeg 195w, https:\/\/petitsoleil.ist\/wp-content\/uploads\/2022\/01\/WhatsApp-Image-2022-01-05-at-13.13.44-50x38.jpeg 50w, https:\/\/petitsoleil.ist\/wp-content\/uploads\/2022\/01\/WhatsApp-Image-2022-01-05-at-13.13.44-100x75.jpeg 100w, https:\/\/petitsoleil.ist\/wp-content\/uploads\/2022\/01\/WhatsApp-Image-2022-01-05-at-13.13.44-960x720.jpeg 960w\" sizes=\"auto, (max-width:767px) 480px, (max-width:1024px) 100vw, 1024px\" \/><\/figure><\/li><li class=\"blocks-gallery-item\"><figure><img decoding=\"async\" src=\"blob:https:\/\/petitsoleil.ist\/eebd435b-1504-4eb9-bc06-aa2ec01106c4\"\/><\/figure><\/li><li class=\"blocks-gallery-item\"><figure><img decoding=\"async\" src=\"blob:https:\/\/petitsoleil.ist\/5d758f65-276c-4876-9b83-b339f1a9ac5d\"\/><\/figure><\/li><li class=\"blocks-gallery-item\"><figure><img decoding=\"async\" src=\"blob:https:\/\/petitsoleil.ist\/7701f864-42fd-42b5-9461-3b0e4beaefe7\"\/><\/figure><\/li><\/ul><\/figure>\n","protected":false},"excerpt":{"rendered":"","protected":false},"author":1,"featured_media":0,"parent":0,"menu_order":0,"comment_status":"closed","ping_status":"closed","template":"","meta":{"footnotes":""},"class_list":["post-1339","page","type-page","status-publish","hentry"],"yoast_head":"<!-- This site is optimized with the Yoast SEO plugin v25.1 - https:\/\/yoast.com\/wordpress\/plugins\/seo\/ -->\n<title>2021&#039;den Kareler - K\u00fc\u00e7\u00fck G\u00fcne\u015f ( Petit Soleil ) Frans\u0131z Anaokulu<\/title>\n<meta name=\"robots\" content=\"index, follow, max-snippet:-1, max-image-preview:large, max-video-preview:-1\" \/>\n<link rel=\"canonical\" href=\"https:\/\/petitsoleil.ist\/fr\/yil-sonu-gosterileri\/\" \/>\n<meta property=\"og:locale\" content=\"fr_FR\" \/>\n<meta property=\"og:type\" content=\"article\" \/>\n<meta property=\"og:title\" content=\"2021&#039;den Kareler - K\u00fc\u00e7\u00fck G\u00fcne\u015f ( Petit Soleil ) Frans\u0131z Anaokulu\" \/>\n<meta property=\"og:url\" content=\"https:\/\/petitsoleil.ist\/fr\/yil-sonu-gosterileri\/\" \/>\n<meta property=\"og:site_name\" content=\"K\u00fc\u00e7\u00fck G\u00fcne\u015f ( Petit Soleil ) Frans\u0131z Anaokulu\" \/>\n<meta property=\"article:modified_time\" content=\"2022-01-10T22:53:56+00:00\" \/>\n<meta property=\"og:image\" content=\"https:\/\/petitsoleil.ist\/wp-content\/uploads\/2022\/01\/WhatsApp-Image-2022-01-05-at-13.09.53-1024x768.jpeg\" \/>\n<meta name=\"twitter:card\" content=\"summary_large_image\" \/>\n<script type=\"application\/ld+json\" class=\"yoast-schema-graph\">{\"@context\":\"https:\/\/schema.org\",\"@graph\":[{\"@type\":\"WebPage\",\"@id\":\"https:\/\/petitsoleil.ist\/fr\/yil-sonu-gosterileri\/\",\"url\":\"https:\/\/petitsoleil.ist\/fr\/yil-sonu-gosterileri\/\",\"name\":\"2021'den Kareler - K\u00fc\u00e7\u00fck G\u00fcne\u015f ( Petit Soleil ) Frans\u0131z Anaokulu\",\"isPartOf\":{\"@id\":\"https:\/\/petitsoleil.ist\/#website\"},\"primaryImageOfPage\":{\"@id\":\"https:\/\/petitsoleil.ist\/fr\/yil-sonu-gosterileri\/#primaryimage\"},\"image\":{\"@id\":\"https:\/\/petitsoleil.ist\/fr\/yil-sonu-gosterileri\/#primaryimage\"},\"thumbnailUrl\":\"https:\/\/petitsoleil.ist\/wp-content\/uploads\/2022\/01\/WhatsApp-Image-2022-01-05-at-13.09.53-1024x768.jpeg\",\"datePublished\":\"2022-01-10T22:51:57+00:00\",\"dateModified\":\"2022-01-10T22:53:56+00:00\",\"breadcrumb\":{\"@id\":\"https:\/\/petitsoleil.ist\/fr\/yil-sonu-gosterileri\/#breadcrumb\"},\"inLanguage\":\"fr-FR\",\"potentialAction\":[{\"@type\":\"ReadAction\",\"target\":[\"https:\/\/petitsoleil.ist\/fr\/yil-sonu-gosterileri\/\"]}]},{\"@type\":\"ImageObject\",\"inLanguage\":\"fr-FR\",\"@id\":\"https:\/\/petitsoleil.ist\/fr\/yil-sonu-gosterileri\/#primaryimage\",\"url\":\"https:\/\/petitsoleil.ist\/wp-content\/uploads\/2022\/01\/WhatsApp-Image-2022-01-05-at-13.09.53-1024x768.jpeg\",\"contentUrl\":\"https:\/\/petitsoleil.ist\/wp-content\/uploads\/2022\/01\/WhatsApp-Image-2022-01-05-at-13.09.53-1024x768.jpeg\"},{\"@type\":\"BreadcrumbList\",\"@id\":\"https:\/\/petitsoleil.ist\/fr\/yil-sonu-gosterileri\/#breadcrumb\",\"itemListElement\":[{\"@type\":\"ListItem\",\"position\":1,\"name\":\"Ana sayfa\",\"item\":\"https:\/\/petitsoleil.ist\/fr\/\"},{\"@type\":\"ListItem\",\"position\":2,\"name\":\"2021&rsquo;den Kareler\"}]},{\"@type\":\"WebSite\",\"@id\":\"https:\/\/petitsoleil.ist\/#website\",\"url\":\"https:\/\/petitsoleil.ist\/\",\"name\":\"K\u00fc\u00e7\u00fck G\u00fcne\u015f ( Petit Soleil ) Frans\u0131z Anaokulu\",\"description\":\"Emirgan Frans\u0131zca Anaokulu\",\"potentialAction\":[{\"@type\":\"SearchAction\",\"target\":{\"@type\":\"EntryPoint\",\"urlTemplate\":\"https:\/\/petitsoleil.ist\/?s={search_term_string}\"},\"query-input\":{\"@type\":\"PropertyValueSpecification\",\"valueRequired\":true,\"valueName\":\"search_term_string\"}}],\"inLanguage\":\"fr-FR\"}]}<\/script>\n<!-- \/ Yoast SEO plugin. -->","yoast_head_json":{"title":"2021'den Kareler - K\u00fc\u00e7\u00fck G\u00fcne\u015f ( Petit Soleil ) Frans\u0131z Anaokulu","robots":{"index":"index","follow":"follow","max-snippet":"max-snippet:-1","max-image-preview":"max-image-preview:large","max-video-preview":"max-video-preview:-1"},"canonical":"https:\/\/petitsoleil.ist\/fr\/yil-sonu-gosterileri\/","og_locale":"fr_FR","og_type":"article","og_title":"2021'den Kareler - K\u00fc\u00e7\u00fck G\u00fcne\u015f ( Petit Soleil ) Frans\u0131z Anaokulu","og_url":"https:\/\/petitsoleil.ist\/fr\/yil-sonu-gosterileri\/","og_site_name":"K\u00fc\u00e7\u00fck G\u00fcne\u015f ( Petit Soleil ) Frans\u0131z Anaokulu","article_modified_time":"2022-01-10T22:53:56+00:00","og_image":[{"url":"https:\/\/petitsoleil.ist\/wp-content\/uploads\/2022\/01\/WhatsApp-Image-2022-01-05-at-13.09.53-1024x768.jpeg","type":"","width":"","height":""}],"twitter_card":"summary_large_image","schema":{"@context":"https:\/\/schema.org","@graph":[{"@type":"WebPage","@id":"https:\/\/petitsoleil.ist\/fr\/yil-sonu-gosterileri\/","url":"https:\/\/petitsoleil.ist\/fr\/yil-sonu-gosterileri\/","name":"2021'den Kareler - K\u00fc\u00e7\u00fck G\u00fcne\u015f ( Petit Soleil ) Frans\u0131z Anaokulu","isPartOf":{"@id":"https:\/\/petitsoleil.ist\/#website"},"primaryImageOfPage":{"@id":"https:\/\/petitsoleil.ist\/fr\/yil-sonu-gosterileri\/#primaryimage"},"image":{"@id":"https:\/\/petitsoleil.ist\/fr\/yil-sonu-gosterileri\/#primaryimage"},"thumbnailUrl":"https:\/\/petitsoleil.ist\/wp-content\/uploads\/2022\/01\/WhatsApp-Image-2022-01-05-at-13.09.53-1024x768.jpeg","datePublished":"2022-01-10T22:51:57+00:00","dateModified":"2022-01-10T22:53:56+00:00","breadcrumb":{"@id":"https:\/\/petitsoleil.ist\/fr\/yil-sonu-gosterileri\/#breadcrumb"},"inLanguage":"fr-FR","potentialAction":[{"@type":"ReadAction","target":["https:\/\/petitsoleil.ist\/fr\/yil-sonu-gosterileri\/"]}]},{"@type":"ImageObject","inLanguage":"fr-FR","@id":"https:\/\/petitsoleil.ist\/fr\/yil-sonu-gosterileri\/#primaryimage","url":"https:\/\/petitsoleil.ist\/wp-content\/uploads\/2022\/01\/WhatsApp-Image-2022-01-05-at-13.09.53-1024x768.jpeg","contentUrl":"https:\/\/petitsoleil.ist\/wp-content\/uploads\/2022\/01\/WhatsApp-Image-2022-01-05-at-13.09.53-1024x768.jpeg"},{"@type":"BreadcrumbList","@id":"https:\/\/petitsoleil.ist\/fr\/yil-sonu-gosterileri\/#breadcrumb","itemListElement":[{"@type":"ListItem","position":1,"name":"Ana sayfa","item":"https:\/\/petitsoleil.ist\/fr\/"},{"@type":"ListItem","position":2,"name":"2021&rsquo;den Kareler"}]},{"@type":"WebSite","@id":"https:\/\/petitsoleil.ist\/#website","url":"https:\/\/petitsoleil.ist\/","name":"K\u00fc\u00e7\u00fck G\u00fcne\u015f ( Petit Soleil ) Frans\u0131z Anaokulu","description":"Emirgan Frans\u0131zca Anaokulu","potentialAction":[{"@type":"SearchAction","target":{"@type":"EntryPoint","urlTemplate":"https:\/\/petitsoleil.ist\/?s={search_term_string}"},"query-input":{"@type":"PropertyValueSpecification","valueRequired":true,"valueName":"search_term_string"}}],"inLanguage":"fr-FR"}]}},"_links":{"self":[{"href":"https:\/\/petitsoleil.ist\/fr\/wp-json\/wp\/v2\/pages\/1339","targetHints":{"allow":["GET"]}}],"collection":[{"href":"https:\/\/petitsoleil.ist\/fr\/wp-json\/wp\/v2\/pages"}],"about":[{"href":"https:\/\/petitsoleil.ist\/fr\/wp-json\/wp\/v2\/types\/page"}],"author":[{"embeddable":true,"href":"https:\/\/petitsoleil.ist\/fr\/wp-json\/wp\/v2\/users\/1"}],"replies":[{"embeddable":true,"href":"https:\/\/petitsoleil.ist\/fr\/wp-json\/wp\/v2\/comments?post=1339"}],"version-history":[{"count":1,"href":"https:\/\/petitsoleil.ist\/fr\/wp-json\/wp\/v2\/pages\/1339\/revisions"}],"predecessor-version":[{"id":1363,"href":"https:\/\/petitsoleil.ist\/fr\/wp-json\/wp\/v2\/pages\/1339\/revisions\/1363"}],"wp:attachment":[{"href":"https:\/\/petitsoleil.ist\/fr\/wp-json\/wp\/v2\/media?parent=1339"}],"curies":[{"name":"wp","href":"https:\/\/api.w.org\/{rel}","templated":true}]}}