{"id":1191,"date":"2020-02-11T11:08:02","date_gmt":"2020-02-11T08:08:02","guid":{"rendered":"http:\/\/petitsoleil.ist\/fransiz-kultur-ve-kucuk-gunes\/"},"modified":"2022-03-08T03:59:24","modified_gmt":"2022-03-08T00:59:24","slug":"la-culture-francaise-et-le-petit-soleil","status":"publish","type":"page","link":"https:\/\/petitsoleil.ist\/fr\/la-culture-francaise-et-le-petit-soleil\/","title":{"rendered":"La culture fran\u00e7aise et le petit soleil"},"content":{"rendered":"\n<p>Petit Soleil est une \u00e9cole maternelle francophone accr\u00e9dit\u00e9e par l\u2019Institut Fran\u00e7ais d\u2019Istanbul. Elle fait partie int\u00e9grante du r\u00e9seau des \u00e9coles francophones d\u2019Istanbul et de Turquie.<\/p>\n\n\n\n<figure class=\"wp-block-gallery columns-2 is-cropped wp-block-gallery-1 is-layout-flex wp-block-gallery-is-layout-flex\"><ul class=\"blocks-gallery-grid\"><li class=\"blocks-gallery-item\"><figure><img loading=\"lazy\" decoding=\"async\" width=\"768\" height=\"1024\" src=\"http:\/\/petitsoleil.ist\/wp-content\/uploads\/2020\/02\/WhatsApp-Image-2020-01-31-at-10.29.29-1-768x1024.jpeg\" alt=\"\" data-id=\"1182\" data-link=\"http:\/\/petitsoleil.ist\/?attachment_id=1182\" class=\"wp-image-1182\" srcset=\"https:\/\/petitsoleil.ist\/wp-content\/uploads\/2020\/02\/WhatsApp-Image-2020-01-31-at-10.29.29-1.jpeg 768w, https:\/\/petitsoleil.ist\/wp-content\/uploads\/2020\/02\/WhatsApp-Image-2020-01-31-at-10.29.29-1-225x300.jpeg 225w, https:\/\/petitsoleil.ist\/wp-content\/uploads\/2020\/02\/WhatsApp-Image-2020-01-31-at-10.29.29-1-110x146.jpeg 110w, https:\/\/petitsoleil.ist\/wp-content\/uploads\/2020\/02\/WhatsApp-Image-2020-01-31-at-10.29.29-1-38x50.jpeg 38w, https:\/\/petitsoleil.ist\/wp-content\/uploads\/2020\/02\/WhatsApp-Image-2020-01-31-at-10.29.29-1-56x75.jpeg 56w\" sizes=\"auto, (max-width:767px) 480px, (max-width:768px) 100vw, 768px\" \/><\/figure><\/li><li class=\"blocks-gallery-item\"><figure><img loading=\"lazy\" decoding=\"async\" width=\"768\" height=\"1024\" src=\"http:\/\/petitsoleil.ist\/wp-content\/uploads\/2020\/02\/WhatsApp-Image-2020-01-31-at-10.29.30-768x1024.jpeg\" alt=\"\" data-id=\"1184\" data-link=\"http:\/\/petitsoleil.ist\/?attachment_id=1184\" class=\"wp-image-1184\" srcset=\"https:\/\/petitsoleil.ist\/wp-content\/uploads\/2020\/02\/WhatsApp-Image-2020-01-31-at-10.29.30-768x1024.jpeg 768w, https:\/\/petitsoleil.ist\/wp-content\/uploads\/2020\/02\/WhatsApp-Image-2020-01-31-at-10.29.30-225x300.jpeg 225w, https:\/\/petitsoleil.ist\/wp-content\/uploads\/2020\/02\/WhatsApp-Image-2020-01-31-at-10.29.30-110x146.jpeg 110w, https:\/\/petitsoleil.ist\/wp-content\/uploads\/2020\/02\/WhatsApp-Image-2020-01-31-at-10.29.30-38x50.jpeg 38w, https:\/\/petitsoleil.ist\/wp-content\/uploads\/2020\/02\/WhatsApp-Image-2020-01-31-at-10.29.30-56x75.jpeg 56w, https:\/\/petitsoleil.ist\/wp-content\/uploads\/2020\/02\/WhatsApp-Image-2020-01-31-at-10.29.30.jpeg 1200w\" sizes=\"auto, (max-width:767px) 480px, (max-width:768px) 100vw, 768px\" \/><\/figure><\/li><\/ul><\/figure>\n\n\n\n<figure class=\"wp-block-gallery columns-0 is-cropped wp-block-gallery-2 is-layout-flex wp-block-gallery-is-layout-flex\"><ul class=\"blocks-gallery-grid\"><\/ul><\/figure>\n\n\n\n<figure class=\"wp-block-video\"><video controls src=\"http:\/\/petitsoleil.ist\/wp-content\/uploads\/2020\/02\/WhatsApp-Video-2020-01-31-at-10.28.45.mp4\"><\/video><\/figure>\n\n\n\n<figure class=\"wp-block-video\"><video controls src=\"http:\/\/petitsoleil.ist\/wp-content\/uploads\/2020\/02\/WhatsApp-Video-2020-01-31-at-10.29.29.mp4\"><\/video><\/figure>\n\n\n\n<p><\/p>\n","protected":false},"excerpt":{"rendered":"<p>Petit Soleil est une \u00e9cole maternelle francophone accr\u00e9dit\u00e9e par l\u2019Institut Fran\u00e7ais d\u2019Istanbul. Elle fait partie int\u00e9grante du r\u00e9seau des \u00e9coles francophones d\u2019Istanbul et de Turquie.<\/p>\n","protected":false},"author":1,"featured_media":0,"parent":0,"menu_order":0,"comment_status":"closed","ping_status":"closed","template":"","meta":{"footnotes":""},"class_list":["post-1191","page","type-page","status-publish","hentry"],"yoast_head":"<!-- This site is optimized with the Yoast SEO plugin v25.1 - https:\/\/yoast.com\/wordpress\/plugins\/seo\/ -->\n<title>La culture fran\u00e7aise et le petit soleil - K\u00fc\u00e7\u00fck G\u00fcne\u015f ( Petit Soleil ) Frans\u0131z Anaokulu<\/title>\n<meta name=\"description\" content=\"Petit Soleil Frans\u0131z konsoloslu\u011fu taraf\u0131ndan T\u00fcrkiye de 7 akredite olmu\u015f okuldan birisidir.\" \/>\n<meta name=\"robots\" content=\"index, follow, max-snippet:-1, max-image-preview:large, max-video-preview:-1\" \/>\n<link rel=\"canonical\" href=\"https:\/\/petitsoleil.ist\/fr\/la-culture-francaise-et-le-petit-soleil\/\" \/>\n<meta property=\"og:locale\" content=\"fr_FR\" \/>\n<meta property=\"og:type\" content=\"article\" \/>\n<meta property=\"og:title\" content=\"La culture fran\u00e7aise et le petit soleil - K\u00fc\u00e7\u00fck G\u00fcne\u015f ( Petit Soleil ) Frans\u0131z Anaokulu\" \/>\n<meta property=\"og:description\" content=\"Petit Soleil Frans\u0131z konsoloslu\u011fu taraf\u0131ndan T\u00fcrkiye de 7 akredite olmu\u015f okuldan birisidir.\" \/>\n<meta property=\"og:url\" content=\"https:\/\/petitsoleil.ist\/fr\/la-culture-francaise-et-le-petit-soleil\/\" \/>\n<meta property=\"og:site_name\" content=\"K\u00fc\u00e7\u00fck G\u00fcne\u015f ( Petit Soleil ) Frans\u0131z Anaokulu\" \/>\n<meta property=\"article:modified_time\" content=\"2022-03-08T00:59:24+00:00\" \/>\n<meta property=\"og:image\" content=\"http:\/\/petitsoleil.ist\/wp-content\/uploads\/2020\/02\/WhatsApp-Image-2020-01-31-at-10.29.29-1-768x1024.jpeg\" \/>\n<meta name=\"twitter:card\" content=\"summary_large_image\" \/>\n<script type=\"application\/ld+json\" class=\"yoast-schema-graph\">{\"@context\":\"https:\/\/schema.org\",\"@graph\":[{\"@type\":\"WebPage\",\"@id\":\"https:\/\/petitsoleil.ist\/fr\/la-culture-francaise-et-le-petit-soleil\/\",\"url\":\"https:\/\/petitsoleil.ist\/fr\/la-culture-francaise-et-le-petit-soleil\/\",\"name\":\"La culture fran\u00e7aise et le petit soleil - K\u00fc\u00e7\u00fck G\u00fcne\u015f ( Petit Soleil ) Frans\u0131z Anaokulu\",\"isPartOf\":{\"@id\":\"https:\/\/petitsoleil.ist\/#website\"},\"primaryImageOfPage\":{\"@id\":\"https:\/\/petitsoleil.ist\/fr\/la-culture-francaise-et-le-petit-soleil\/#primaryimage\"},\"image\":{\"@id\":\"https:\/\/petitsoleil.ist\/fr\/la-culture-francaise-et-le-petit-soleil\/#primaryimage\"},\"thumbnailUrl\":\"http:\/\/petitsoleil.ist\/wp-content\/uploads\/2020\/02\/WhatsApp-Image-2020-01-31-at-10.29.29-1-768x1024.jpeg\",\"datePublished\":\"2020-02-11T08:08:02+00:00\",\"dateModified\":\"2022-03-08T00:59:24+00:00\",\"description\":\"Petit Soleil Frans\u0131z konsoloslu\u011fu taraf\u0131ndan T\u00fcrkiye de 7 akredite olmu\u015f okuldan birisidir.\",\"breadcrumb\":{\"@id\":\"https:\/\/petitsoleil.ist\/fr\/la-culture-francaise-et-le-petit-soleil\/#breadcrumb\"},\"inLanguage\":\"fr-FR\",\"potentialAction\":[{\"@type\":\"ReadAction\",\"target\":[\"https:\/\/petitsoleil.ist\/fr\/la-culture-francaise-et-le-petit-soleil\/\"]}]},{\"@type\":\"ImageObject\",\"inLanguage\":\"fr-FR\",\"@id\":\"https:\/\/petitsoleil.ist\/fr\/la-culture-francaise-et-le-petit-soleil\/#primaryimage\",\"url\":\"http:\/\/petitsoleil.ist\/wp-content\/uploads\/2020\/02\/WhatsApp-Image-2020-01-31-at-10.29.29-1-768x1024.jpeg\",\"contentUrl\":\"http:\/\/petitsoleil.ist\/wp-content\/uploads\/2020\/02\/WhatsApp-Image-2020-01-31-at-10.29.29-1-768x1024.jpeg\"},{\"@type\":\"BreadcrumbList\",\"@id\":\"https:\/\/petitsoleil.ist\/fr\/la-culture-francaise-et-le-petit-soleil\/#breadcrumb\",\"itemListElement\":[{\"@type\":\"ListItem\",\"position\":1,\"name\":\"Ana sayfa\",\"item\":\"https:\/\/petitsoleil.ist\/fr\/\"},{\"@type\":\"ListItem\",\"position\":2,\"name\":\"La culture fran\u00e7aise et le petit soleil\"}]},{\"@type\":\"WebSite\",\"@id\":\"https:\/\/petitsoleil.ist\/#website\",\"url\":\"https:\/\/petitsoleil.ist\/\",\"name\":\"K\u00fc\u00e7\u00fck G\u00fcne\u015f ( Petit Soleil ) Frans\u0131z Anaokulu\",\"description\":\"Emirgan Frans\u0131zca Anaokulu\",\"potentialAction\":[{\"@type\":\"SearchAction\",\"target\":{\"@type\":\"EntryPoint\",\"urlTemplate\":\"https:\/\/petitsoleil.ist\/?s={search_term_string}\"},\"query-input\":{\"@type\":\"PropertyValueSpecification\",\"valueRequired\":true,\"valueName\":\"search_term_string\"}}],\"inLanguage\":\"fr-FR\"}]}<\/script>\n<!-- \/ Yoast SEO plugin. -->","yoast_head_json":{"title":"La culture fran\u00e7aise et le petit soleil - K\u00fc\u00e7\u00fck G\u00fcne\u015f ( Petit Soleil ) Frans\u0131z Anaokulu","description":"Petit Soleil Frans\u0131z konsoloslu\u011fu taraf\u0131ndan T\u00fcrkiye de 7 akredite olmu\u015f okuldan birisidir.","robots":{"index":"index","follow":"follow","max-snippet":"max-snippet:-1","max-image-preview":"max-image-preview:large","max-video-preview":"max-video-preview:-1"},"canonical":"https:\/\/petitsoleil.ist\/fr\/la-culture-francaise-et-le-petit-soleil\/","og_locale":"fr_FR","og_type":"article","og_title":"La culture fran\u00e7aise et le petit soleil - K\u00fc\u00e7\u00fck G\u00fcne\u015f ( Petit Soleil ) Frans\u0131z Anaokulu","og_description":"Petit Soleil Frans\u0131z konsoloslu\u011fu taraf\u0131ndan T\u00fcrkiye de 7 akredite olmu\u015f okuldan birisidir.","og_url":"https:\/\/petitsoleil.ist\/fr\/la-culture-francaise-et-le-petit-soleil\/","og_site_name":"K\u00fc\u00e7\u00fck G\u00fcne\u015f ( Petit Soleil ) Frans\u0131z Anaokulu","article_modified_time":"2022-03-08T00:59:24+00:00","og_image":[{"url":"http:\/\/petitsoleil.ist\/wp-content\/uploads\/2020\/02\/WhatsApp-Image-2020-01-31-at-10.29.29-1-768x1024.jpeg","type":"","width":"","height":""}],"twitter_card":"summary_large_image","schema":{"@context":"https:\/\/schema.org","@graph":[{"@type":"WebPage","@id":"https:\/\/petitsoleil.ist\/fr\/la-culture-francaise-et-le-petit-soleil\/","url":"https:\/\/petitsoleil.ist\/fr\/la-culture-francaise-et-le-petit-soleil\/","name":"La culture fran\u00e7aise et le petit soleil - K\u00fc\u00e7\u00fck G\u00fcne\u015f ( Petit Soleil ) Frans\u0131z Anaokulu","isPartOf":{"@id":"https:\/\/petitsoleil.ist\/#website"},"primaryImageOfPage":{"@id":"https:\/\/petitsoleil.ist\/fr\/la-culture-francaise-et-le-petit-soleil\/#primaryimage"},"image":{"@id":"https:\/\/petitsoleil.ist\/fr\/la-culture-francaise-et-le-petit-soleil\/#primaryimage"},"thumbnailUrl":"http:\/\/petitsoleil.ist\/wp-content\/uploads\/2020\/02\/WhatsApp-Image-2020-01-31-at-10.29.29-1-768x1024.jpeg","datePublished":"2020-02-11T08:08:02+00:00","dateModified":"2022-03-08T00:59:24+00:00","description":"Petit Soleil Frans\u0131z konsoloslu\u011fu taraf\u0131ndan T\u00fcrkiye de 7 akredite olmu\u015f okuldan birisidir.","breadcrumb":{"@id":"https:\/\/petitsoleil.ist\/fr\/la-culture-francaise-et-le-petit-soleil\/#breadcrumb"},"inLanguage":"fr-FR","potentialAction":[{"@type":"ReadAction","target":["https:\/\/petitsoleil.ist\/fr\/la-culture-francaise-et-le-petit-soleil\/"]}]},{"@type":"ImageObject","inLanguage":"fr-FR","@id":"https:\/\/petitsoleil.ist\/fr\/la-culture-francaise-et-le-petit-soleil\/#primaryimage","url":"http:\/\/petitsoleil.ist\/wp-content\/uploads\/2020\/02\/WhatsApp-Image-2020-01-31-at-10.29.29-1-768x1024.jpeg","contentUrl":"http:\/\/petitsoleil.ist\/wp-content\/uploads\/2020\/02\/WhatsApp-Image-2020-01-31-at-10.29.29-1-768x1024.jpeg"},{"@type":"BreadcrumbList","@id":"https:\/\/petitsoleil.ist\/fr\/la-culture-francaise-et-le-petit-soleil\/#breadcrumb","itemListElement":[{"@type":"ListItem","position":1,"name":"Ana sayfa","item":"https:\/\/petitsoleil.ist\/fr\/"},{"@type":"ListItem","position":2,"name":"La culture fran\u00e7aise et le petit soleil"}]},{"@type":"WebSite","@id":"https:\/\/petitsoleil.ist\/#website","url":"https:\/\/petitsoleil.ist\/","name":"K\u00fc\u00e7\u00fck G\u00fcne\u015f ( Petit Soleil ) Frans\u0131z Anaokulu","description":"Emirgan Frans\u0131zca Anaokulu","potentialAction":[{"@type":"SearchAction","target":{"@type":"EntryPoint","urlTemplate":"https:\/\/petitsoleil.ist\/?s={search_term_string}"},"query-input":{"@type":"PropertyValueSpecification","valueRequired":true,"valueName":"search_term_string"}}],"inLanguage":"fr-FR"}]}},"_links":{"self":[{"href":"https:\/\/petitsoleil.ist\/fr\/wp-json\/wp\/v2\/pages\/1191","targetHints":{"allow":["GET"]}}],"collection":[{"href":"https:\/\/petitsoleil.ist\/fr\/wp-json\/wp\/v2\/pages"}],"about":[{"href":"https:\/\/petitsoleil.ist\/fr\/wp-json\/wp\/v2\/types\/page"}],"author":[{"embeddable":true,"href":"https:\/\/petitsoleil.ist\/fr\/wp-json\/wp\/v2\/users\/1"}],"replies":[{"embeddable":true,"href":"https:\/\/petitsoleil.ist\/fr\/wp-json\/wp\/v2\/comments?post=1191"}],"version-history":[{"count":5,"href":"https:\/\/petitsoleil.ist\/fr\/wp-json\/wp\/v2\/pages\/1191\/revisions"}],"predecessor-version":[{"id":1442,"href":"https:\/\/petitsoleil.ist\/fr\/wp-json\/wp\/v2\/pages\/1191\/revisions\/1442"}],"wp:attachment":[{"href":"https:\/\/petitsoleil.ist\/fr\/wp-json\/wp\/v2\/media?parent=1191"}],"curies":[{"name":"wp","href":"https:\/\/api.w.org\/{rel}","templated":true}]}}