{"id":1037,"date":"2019-03-24T22:20:56","date_gmt":"2019-03-24T19:20:56","guid":{"rendered":"http:\/\/petitsoleil.ist\/?page_id=1037"},"modified":"2019-03-24T22:20:58","modified_gmt":"2019-03-24T19:20:58","slug":"galerie","status":"publish","type":"page","link":"https:\/\/petitsoleil.ist\/fr\/galerie\/","title":{"rendered":"Galerie"},"content":{"rendered":"","protected":false},"excerpt":{"rendered":"","protected":false},"author":1,"featured_media":0,"parent":0,"menu_order":0,"comment_status":"closed","ping_status":"closed","template":"","meta":{"footnotes":""},"class_list":["post-1037","page","type-page","status-publish","hentry"],"yoast_head":"<!-- This site is optimized with the Yoast SEO plugin v25.1 - https:\/\/yoast.com\/wordpress\/plugins\/seo\/ -->\n<title>Galerie - K\u00fc\u00e7\u00fck G\u00fcne\u015f ( Petit Soleil ) Frans\u0131z Anaokulu<\/title>\n<meta name=\"robots\" content=\"index, follow, max-snippet:-1, max-image-preview:large, max-video-preview:-1\" \/>\n<link rel=\"canonical\" href=\"https:\/\/petitsoleil.ist\/fr\/galerie\/\" \/>\n<meta property=\"og:locale\" content=\"fr_FR\" \/>\n<meta property=\"og:type\" content=\"article\" \/>\n<meta property=\"og:title\" content=\"Galerie - K\u00fc\u00e7\u00fck G\u00fcne\u015f ( Petit Soleil ) Frans\u0131z Anaokulu\" \/>\n<meta property=\"og:url\" content=\"https:\/\/petitsoleil.ist\/fr\/galerie\/\" \/>\n<meta property=\"og:site_name\" content=\"K\u00fc\u00e7\u00fck G\u00fcne\u015f ( Petit Soleil ) Frans\u0131z Anaokulu\" \/>\n<meta property=\"article:modified_time\" content=\"2019-03-24T19:20:58+00:00\" \/>\n<meta name=\"twitter:card\" content=\"summary_large_image\" \/>\n<script type=\"application\/ld+json\" class=\"yoast-schema-graph\">{\"@context\":\"https:\/\/schema.org\",\"@graph\":[{\"@type\":\"WebPage\",\"@id\":\"https:\/\/petitsoleil.ist\/fr\/galerie\/\",\"url\":\"https:\/\/petitsoleil.ist\/fr\/galerie\/\",\"name\":\"Galerie - K\u00fc\u00e7\u00fck G\u00fcne\u015f ( Petit Soleil ) Frans\u0131z Anaokulu\",\"isPartOf\":{\"@id\":\"https:\/\/petitsoleil.ist\/#website\"},\"datePublished\":\"2019-03-24T19:20:56+00:00\",\"dateModified\":\"2019-03-24T19:20:58+00:00\",\"breadcrumb\":{\"@id\":\"https:\/\/petitsoleil.ist\/fr\/galerie\/#breadcrumb\"},\"inLanguage\":\"fr-FR\",\"potentialAction\":[{\"@type\":\"ReadAction\",\"target\":[\"https:\/\/petitsoleil.ist\/fr\/galerie\/\"]}]},{\"@type\":\"BreadcrumbList\",\"@id\":\"https:\/\/petitsoleil.ist\/fr\/galerie\/#breadcrumb\",\"itemListElement\":[{\"@type\":\"ListItem\",\"position\":1,\"name\":\"Ana sayfa\",\"item\":\"https:\/\/petitsoleil.ist\/fr\/\"},{\"@type\":\"ListItem\",\"position\":2,\"name\":\"Galerie\"}]},{\"@type\":\"WebSite\",\"@id\":\"https:\/\/petitsoleil.ist\/#website\",\"url\":\"https:\/\/petitsoleil.ist\/\",\"name\":\"K\u00fc\u00e7\u00fck G\u00fcne\u015f ( Petit Soleil ) Frans\u0131z Anaokulu\",\"description\":\"Emirgan Frans\u0131zca Anaokulu\",\"potentialAction\":[{\"@type\":\"SearchAction\",\"target\":{\"@type\":\"EntryPoint\",\"urlTemplate\":\"https:\/\/petitsoleil.ist\/?s={search_term_string}\"},\"query-input\":{\"@type\":\"PropertyValueSpecification\",\"valueRequired\":true,\"valueName\":\"search_term_string\"}}],\"inLanguage\":\"fr-FR\"}]}<\/script>\n<!-- \/ Yoast SEO plugin. -->","yoast_head_json":{"title":"Galerie - K\u00fc\u00e7\u00fck G\u00fcne\u015f ( Petit Soleil ) Frans\u0131z Anaokulu","robots":{"index":"index","follow":"follow","max-snippet":"max-snippet:-1","max-image-preview":"max-image-preview:large","max-video-preview":"max-video-preview:-1"},"canonical":"https:\/\/petitsoleil.ist\/fr\/galerie\/","og_locale":"fr_FR","og_type":"article","og_title":"Galerie - K\u00fc\u00e7\u00fck G\u00fcne\u015f ( Petit Soleil ) Frans\u0131z Anaokulu","og_url":"https:\/\/petitsoleil.ist\/fr\/galerie\/","og_site_name":"K\u00fc\u00e7\u00fck G\u00fcne\u015f ( Petit Soleil ) Frans\u0131z Anaokulu","article_modified_time":"2019-03-24T19:20:58+00:00","twitter_card":"summary_large_image","schema":{"@context":"https:\/\/schema.org","@graph":[{"@type":"WebPage","@id":"https:\/\/petitsoleil.ist\/fr\/galerie\/","url":"https:\/\/petitsoleil.ist\/fr\/galerie\/","name":"Galerie - K\u00fc\u00e7\u00fck G\u00fcne\u015f ( Petit Soleil ) Frans\u0131z Anaokulu","isPartOf":{"@id":"https:\/\/petitsoleil.ist\/#website"},"datePublished":"2019-03-24T19:20:56+00:00","dateModified":"2019-03-24T19:20:58+00:00","breadcrumb":{"@id":"https:\/\/petitsoleil.ist\/fr\/galerie\/#breadcrumb"},"inLanguage":"fr-FR","potentialAction":[{"@type":"ReadAction","target":["https:\/\/petitsoleil.ist\/fr\/galerie\/"]}]},{"@type":"BreadcrumbList","@id":"https:\/\/petitsoleil.ist\/fr\/galerie\/#breadcrumb","itemListElement":[{"@type":"ListItem","position":1,"name":"Ana sayfa","item":"https:\/\/petitsoleil.ist\/fr\/"},{"@type":"ListItem","position":2,"name":"Galerie"}]},{"@type":"WebSite","@id":"https:\/\/petitsoleil.ist\/#website","url":"https:\/\/petitsoleil.ist\/","name":"K\u00fc\u00e7\u00fck G\u00fcne\u015f ( Petit Soleil ) Frans\u0131z Anaokulu","description":"Emirgan Frans\u0131zca Anaokulu","potentialAction":[{"@type":"SearchAction","target":{"@type":"EntryPoint","urlTemplate":"https:\/\/petitsoleil.ist\/?s={search_term_string}"},"query-input":{"@type":"PropertyValueSpecification","valueRequired":true,"valueName":"search_term_string"}}],"inLanguage":"fr-FR"}]}},"_links":{"self":[{"href":"https:\/\/petitsoleil.ist\/fr\/wp-json\/wp\/v2\/pages\/1037","targetHints":{"allow":["GET"]}}],"collection":[{"href":"https:\/\/petitsoleil.ist\/fr\/wp-json\/wp\/v2\/pages"}],"about":[{"href":"https:\/\/petitsoleil.ist\/fr\/wp-json\/wp\/v2\/types\/page"}],"author":[{"embeddable":true,"href":"https:\/\/petitsoleil.ist\/fr\/wp-json\/wp\/v2\/users\/1"}],"replies":[{"embeddable":true,"href":"https:\/\/petitsoleil.ist\/fr\/wp-json\/wp\/v2\/comments?post=1037"}],"version-history":[{"count":1,"href":"https:\/\/petitsoleil.ist\/fr\/wp-json\/wp\/v2\/pages\/1037\/revisions"}],"predecessor-version":[{"id":1038,"href":"https:\/\/petitsoleil.ist\/fr\/wp-json\/wp\/v2\/pages\/1037\/revisions\/1038"}],"wp:attachment":[{"href":"https:\/\/petitsoleil.ist\/fr\/wp-json\/wp\/v2\/media?parent=1037"}],"curies":[{"name":"wp","href":"https:\/\/api.w.org\/{rel}","templated":true}]}}