{"id":1015,"date":"2019-03-24T21:48:57","date_gmt":"2019-03-24T18:48:57","guid":{"rendered":"http:\/\/petitsoleil.ist\/?page_id=1015"},"modified":"2022-01-11T01:36:42","modified_gmt":"2022-01-10T22:36:42","slug":"programme-denseignement","status":"publish","type":"page","link":"https:\/\/petitsoleil.ist\/fr\/programme-denseignement\/","title":{"rendered":"PROGRAMME D\u2019ENSEIGNEMENT"},"content":{"rendered":"","protected":false},"excerpt":{"rendered":"","protected":false},"author":1,"featured_media":0,"parent":0,"menu_order":0,"comment_status":"closed","ping_status":"closed","template":"","meta":{"footnotes":""},"class_list":["post-1015","page","type-page","status-publish","hentry"],"yoast_head":"<!-- This site is optimized with the Yoast SEO plugin v25.1 - https:\/\/yoast.com\/wordpress\/plugins\/seo\/ -->\n<title>PROGRAMME D\u2019ENSEIGNEMENT - K\u00fc\u00e7\u00fck G\u00fcne\u015f ( Petit Soleil ) Frans\u0131z Anaokulu<\/title>\n<meta name=\"robots\" content=\"index, follow, max-snippet:-1, max-image-preview:large, max-video-preview:-1\" \/>\n<link rel=\"canonical\" href=\"https:\/\/petitsoleil.ist\/fr\/programme-denseignement\/\" \/>\n<meta property=\"og:locale\" content=\"fr_FR\" \/>\n<meta property=\"og:type\" content=\"article\" \/>\n<meta property=\"og:title\" content=\"PROGRAMME D\u2019ENSEIGNEMENT - K\u00fc\u00e7\u00fck G\u00fcne\u015f ( Petit Soleil ) Frans\u0131z Anaokulu\" \/>\n<meta property=\"og:url\" content=\"https:\/\/petitsoleil.ist\/fr\/programme-denseignement\/\" \/>\n<meta property=\"og:site_name\" content=\"K\u00fc\u00e7\u00fck G\u00fcne\u015f ( Petit Soleil ) Frans\u0131z Anaokulu\" \/>\n<meta property=\"article:modified_time\" content=\"2022-01-10T22:36:42+00:00\" \/>\n<meta name=\"twitter:card\" content=\"summary_large_image\" \/>\n<script type=\"application\/ld+json\" class=\"yoast-schema-graph\">{\"@context\":\"https:\/\/schema.org\",\"@graph\":[{\"@type\":\"WebPage\",\"@id\":\"https:\/\/petitsoleil.ist\/fr\/programme-denseignement\/\",\"url\":\"https:\/\/petitsoleil.ist\/fr\/programme-denseignement\/\",\"name\":\"PROGRAMME D\u2019ENSEIGNEMENT - K\u00fc\u00e7\u00fck G\u00fcne\u015f ( Petit Soleil ) Frans\u0131z Anaokulu\",\"isPartOf\":{\"@id\":\"https:\/\/petitsoleil.ist\/#website\"},\"datePublished\":\"2019-03-24T18:48:57+00:00\",\"dateModified\":\"2022-01-10T22:36:42+00:00\",\"breadcrumb\":{\"@id\":\"https:\/\/petitsoleil.ist\/fr\/programme-denseignement\/#breadcrumb\"},\"inLanguage\":\"fr-FR\",\"potentialAction\":[{\"@type\":\"ReadAction\",\"target\":[\"https:\/\/petitsoleil.ist\/fr\/programme-denseignement\/\"]}]},{\"@type\":\"BreadcrumbList\",\"@id\":\"https:\/\/petitsoleil.ist\/fr\/programme-denseignement\/#breadcrumb\",\"itemListElement\":[{\"@type\":\"ListItem\",\"position\":1,\"name\":\"Ana sayfa\",\"item\":\"https:\/\/petitsoleil.ist\/fr\/\"},{\"@type\":\"ListItem\",\"position\":2,\"name\":\"PROGRAMME D\u2019ENSEIGNEMENT\"}]},{\"@type\":\"WebSite\",\"@id\":\"https:\/\/petitsoleil.ist\/#website\",\"url\":\"https:\/\/petitsoleil.ist\/\",\"name\":\"K\u00fc\u00e7\u00fck G\u00fcne\u015f ( Petit Soleil ) Frans\u0131z Anaokulu\",\"description\":\"Emirgan Frans\u0131zca Anaokulu\",\"potentialAction\":[{\"@type\":\"SearchAction\",\"target\":{\"@type\":\"EntryPoint\",\"urlTemplate\":\"https:\/\/petitsoleil.ist\/?s={search_term_string}\"},\"query-input\":{\"@type\":\"PropertyValueSpecification\",\"valueRequired\":true,\"valueName\":\"search_term_string\"}}],\"inLanguage\":\"fr-FR\"}]}<\/script>\n<!-- \/ Yoast SEO plugin. -->","yoast_head_json":{"title":"PROGRAMME D\u2019ENSEIGNEMENT - K\u00fc\u00e7\u00fck G\u00fcne\u015f ( Petit Soleil ) Frans\u0131z Anaokulu","robots":{"index":"index","follow":"follow","max-snippet":"max-snippet:-1","max-image-preview":"max-image-preview:large","max-video-preview":"max-video-preview:-1"},"canonical":"https:\/\/petitsoleil.ist\/fr\/programme-denseignement\/","og_locale":"fr_FR","og_type":"article","og_title":"PROGRAMME D\u2019ENSEIGNEMENT - K\u00fc\u00e7\u00fck G\u00fcne\u015f ( Petit Soleil ) Frans\u0131z Anaokulu","og_url":"https:\/\/petitsoleil.ist\/fr\/programme-denseignement\/","og_site_name":"K\u00fc\u00e7\u00fck G\u00fcne\u015f ( Petit Soleil ) Frans\u0131z Anaokulu","article_modified_time":"2022-01-10T22:36:42+00:00","twitter_card":"summary_large_image","schema":{"@context":"https:\/\/schema.org","@graph":[{"@type":"WebPage","@id":"https:\/\/petitsoleil.ist\/fr\/programme-denseignement\/","url":"https:\/\/petitsoleil.ist\/fr\/programme-denseignement\/","name":"PROGRAMME D\u2019ENSEIGNEMENT - K\u00fc\u00e7\u00fck G\u00fcne\u015f ( Petit Soleil ) Frans\u0131z Anaokulu","isPartOf":{"@id":"https:\/\/petitsoleil.ist\/#website"},"datePublished":"2019-03-24T18:48:57+00:00","dateModified":"2022-01-10T22:36:42+00:00","breadcrumb":{"@id":"https:\/\/petitsoleil.ist\/fr\/programme-denseignement\/#breadcrumb"},"inLanguage":"fr-FR","potentialAction":[{"@type":"ReadAction","target":["https:\/\/petitsoleil.ist\/fr\/programme-denseignement\/"]}]},{"@type":"BreadcrumbList","@id":"https:\/\/petitsoleil.ist\/fr\/programme-denseignement\/#breadcrumb","itemListElement":[{"@type":"ListItem","position":1,"name":"Ana sayfa","item":"https:\/\/petitsoleil.ist\/fr\/"},{"@type":"ListItem","position":2,"name":"PROGRAMME D\u2019ENSEIGNEMENT"}]},{"@type":"WebSite","@id":"https:\/\/petitsoleil.ist\/#website","url":"https:\/\/petitsoleil.ist\/","name":"K\u00fc\u00e7\u00fck G\u00fcne\u015f ( Petit Soleil ) Frans\u0131z Anaokulu","description":"Emirgan Frans\u0131zca Anaokulu","potentialAction":[{"@type":"SearchAction","target":{"@type":"EntryPoint","urlTemplate":"https:\/\/petitsoleil.ist\/?s={search_term_string}"},"query-input":{"@type":"PropertyValueSpecification","valueRequired":true,"valueName":"search_term_string"}}],"inLanguage":"fr-FR"}]}},"_links":{"self":[{"href":"https:\/\/petitsoleil.ist\/fr\/wp-json\/wp\/v2\/pages\/1015","targetHints":{"allow":["GET"]}}],"collection":[{"href":"https:\/\/petitsoleil.ist\/fr\/wp-json\/wp\/v2\/pages"}],"about":[{"href":"https:\/\/petitsoleil.ist\/fr\/wp-json\/wp\/v2\/types\/page"}],"author":[{"embeddable":true,"href":"https:\/\/petitsoleil.ist\/fr\/wp-json\/wp\/v2\/users\/1"}],"replies":[{"embeddable":true,"href":"https:\/\/petitsoleil.ist\/fr\/wp-json\/wp\/v2\/comments?post=1015"}],"version-history":[{"count":2,"href":"https:\/\/petitsoleil.ist\/fr\/wp-json\/wp\/v2\/pages\/1015\/revisions"}],"predecessor-version":[{"id":1335,"href":"https:\/\/petitsoleil.ist\/fr\/wp-json\/wp\/v2\/pages\/1015\/revisions\/1335"}],"wp:attachment":[{"href":"https:\/\/petitsoleil.ist\/fr\/wp-json\/wp\/v2\/media?parent=1015"}],"curies":[{"name":"wp","href":"https:\/\/api.w.org\/{rel}","templated":true}]}}